{"id":1343,"date":"2024-08-14T22:01:37","date_gmt":"2024-08-14T20:01:37","guid":{"rendered":"https:\/\/schmiedhof.it\/imprint\/"},"modified":"2026-03-27T12:17:25","modified_gmt":"2026-03-27T10:17:25","slug":"imprint","status":"publish","type":"page","link":"https:\/\/schmiedhof.it\/it\/imprint\/","title":{"rendered":"Imprint"},"content":{"rendered":"\t\t<div data-elementor-type=\"wp-page\" data-elementor-id=\"1343\" class=\"elementor elementor-1343 elementor-1051\">\n\t\t\t\t<div class=\"elementor-element elementor-element-eea6d4e e-flex e-con-boxed e-con e-parent\" data-id=\"eea6d4e\" data-element_type=\"container\" data-e-type=\"container\">\n\t\t\t\t\t<div class=\"e-con-inner\">\n\t\t<div class=\"elementor-element elementor-element-1855029 e-con-full e-flex e-con e-child\" data-id=\"1855029\" data-element_type=\"container\" data-e-type=\"container\">\n\t\t\t\t<\/div>\n\t\t<div class=\"elementor-element elementor-element-1163745 e-con-full e-flex e-con e-child\" data-id=\"1163745\" data-element_type=\"container\" data-e-type=\"container\">\n\t\t\t\t<div class=\"elementor-element elementor-element-9ce5d2a elementor-widget elementor-widget-heading\" data-id=\"9ce5d2a\" data-element_type=\"widget\" data-e-type=\"widget\" data-widget_type=\"heading.default\">\n\t\t\t\t<div class=\"elementor-widget-container\">\n\t\t\t\t\t<h2 class=\"elementor-heading-title elementor-size-default\">Imprint<\/h2>\t\t\t\t<\/div>\n\t\t\t\t<\/div>\n\t\t\t\t<div class=\"elementor-element elementor-element-bfde4ff elementor-widget elementor-widget-text-editor\" data-id=\"bfde4ff\" data-element_type=\"widget\" data-e-type=\"widget\" data-widget_type=\"text-editor.default\">\n\t\t\t\t<div class=\"elementor-widget-container\">\n\t\t\t\t\t\t\t\t\t<div class=\"wpb_text_column wpb_content_element \"><div class=\"wpb_wrapper\"> <\/div><p><strong>Rappresentante legale:<br><\/strong>Hannes Vogl | <a href=\"mailto:info@schmiedhof.it\">info@schmiedhof.it<\/a><br>Tel: <a href=\"tel:+390473667428\">+39 0473 667428<\/a><br>P. IVA: IT3110100215<br>CIN: IT021056A155T3LSMD<\/p><p>Via del castello 3<br>39025 Naturno (BZ)<br>ITALIA<\/p><p><strong>Disclaimer:<br><\/strong>Vogl Hannes (P. IVA: IT3110100215) si impegna al massimo per garantire che le informazioni contenute in questo sito web siano accurate. Tuttavia, \u00e8 esclusa qualsiasi responsabilit\u00e0 o garanzia per l&#8217;attualit\u00e0, la correttezza e la completezza delle informazioni fornite. Inoltre, Vogl Hannes (P. IVA: IT3110100215) non \u00e8 responsabile del contenuto dei siti web esterni collegati tramite hyperlink. Vogl Hannes (P. IVA: IT3110100215) si riserva il diritto di apportare modifiche o aggiunte alle informazioni fornite senza preavviso.<\/p><p><strong>Copyright:<br><\/strong>Il layout della homepage, la grafica utilizzata e il contenuto del sito web di Vogl Hannes (P. IVA: IT3110100215) sono protetti da copyright. La riproduzione delle informazioni, in particolare l&#8217;uso di testi, parti di testi o immagini, richiede la previa autorizzazione scritta di Vogl Hannes (P. IVA: IT3110100215).<\/p><p><strong>Fonti delle immagini:<br><\/strong><a href=\"https:\/\/www.mymedia-marketing.com\/\" target=\"_blank\" rel=\"noopener\">MyMedia Marketing GmbH<\/a><br><a href=\"https:\/\/www.merano-suedtirol.it\/de\/naturns.html\" target=\"_blank\" rel=\"noopener\">Ufficio turistico di Naturno<\/a><\/p><p><strong>Design, ideazione e realizzazione:<\/strong><br>AllInOne MEDIA<br><a href=\"tel:+393208020360\">+39 320 80 20 360<\/a><br><a href=\"http:\/\/www.allinonemedia.it\" target=\"_blank\" rel=\"noopener\">www.allinonemedia.it<\/a><\/p><p>\u00a9 Hannes Vogl (P. IVA: IT3110100215) \u2013 Tutti i diritti riservati.<\/p><\/div>\t\t\t\t\t\t\t\t<\/div>\n\t\t\t\t<\/div>\n\t\t\t\t<\/div>\n\t\t\t\t\t<\/div>\n\t\t\t\t<\/div>\n\t\t\t\t<\/div>\n\t\t","protected":false},"excerpt":{"rendered":"<p>Imprint Rappresentante legale:Hannes Vogl | info@schmiedhof.itTel: +39 0473 667428P. IVA: IT3110100215CIN: IT021056A155T3LSMD Via del castello 339025 Naturno (BZ)ITALIA Disclaimer:Vogl Hannes (P. IVA: IT3110100215) si impegna al massimo per garantire che le informazioni contenute in questo sito web siano accurate. Tuttavia, \u00e8 esclusa qualsiasi responsabilit\u00e0 o garanzia per l&#8217;attualit\u00e0, la correttezza e la completezza delle informazioni [&hellip;]<\/p>\n","protected":false},"author":1,"featured_media":0,"parent":0,"menu_order":0,"comment_status":"closed","ping_status":"closed","template":"","meta":{"footnotes":""},"class_list":["post-1343","page","type-page","status-publish","hentry"],"_links":{"self":[{"href":"https:\/\/schmiedhof.it\/it\/wp-json\/wp\/v2\/pages\/1343","targetHints":{"allow":["GET"]}}],"collection":[{"href":"https:\/\/schmiedhof.it\/it\/wp-json\/wp\/v2\/pages"}],"about":[{"href":"https:\/\/schmiedhof.it\/it\/wp-json\/wp\/v2\/types\/page"}],"author":[{"embeddable":true,"href":"https:\/\/schmiedhof.it\/it\/wp-json\/wp\/v2\/users\/1"}],"replies":[{"embeddable":true,"href":"https:\/\/schmiedhof.it\/it\/wp-json\/wp\/v2\/comments?post=1343"}],"version-history":[{"count":9,"href":"https:\/\/schmiedhof.it\/it\/wp-json\/wp\/v2\/pages\/1343\/revisions"}],"predecessor-version":[{"id":2175,"href":"https:\/\/schmiedhof.it\/it\/wp-json\/wp\/v2\/pages\/1343\/revisions\/2175"}],"wp:attachment":[{"href":"https:\/\/schmiedhof.it\/it\/wp-json\/wp\/v2\/media?parent=1343"}],"curies":[{"name":"wp","href":"https:\/\/api.w.org\/{rel}","templated":true}]}}