{"id":1307,"date":"2024-07-20T19:08:19","date_gmt":"2024-07-20T17:08:19","guid":{"rendered":"https:\/\/schmiedhof.it\/attivo\/"},"modified":"2026-03-27T12:12:24","modified_gmt":"2026-03-27T10:12:24","slug":"aktiv","status":"publish","type":"page","link":"https:\/\/schmiedhof.it\/it\/aktiv\/","title":{"rendered":"Attivo"},"content":{"rendered":"\t\t<div data-elementor-type=\"wp-page\" data-elementor-id=\"1307\" class=\"elementor elementor-1307 elementor-242\">\n\t\t\t\t<div class=\"elementor-element elementor-element-ca1a4dd atf e-flex e-con-boxed e-con e-parent\" data-id=\"ca1a4dd\" data-element_type=\"container\" data-e-type=\"container\" data-settings=\"{&quot;background_background&quot;:&quot;classic&quot;}\">\n\t\t\t\t\t<div class=\"e-con-inner\">\n\t\t\t\t<div class=\"elementor-element elementor-element-669d33d elementor-widget elementor-widget-heading\" data-id=\"669d33d\" data-element_type=\"widget\" data-e-type=\"widget\" data-widget_type=\"heading.default\">\n\t\t\t\t<div class=\"elementor-widget-container\">\n\t\t\t\t\t<h2 class=\"elementor-heading-title elementor-size-default\">VACANZE ATTIVE<\/h2>\t\t\t\t<\/div>\n\t\t\t\t<\/div>\n\t\t\t\t<div class=\"elementor-element elementor-element-c1fb7ad elementor-widget elementor-widget-text-editor\" data-id=\"c1fb7ad\" data-element_type=\"widget\" data-e-type=\"widget\" data-widget_type=\"text-editor.default\">\n\t\t\t\t<div class=\"elementor-widget-container\">\n\t\t\t\t\t\t\t\t\t<p>Qui a Naturno il sole splende per 315 giorni. In nessun altro luogo delle Alpi Orientali piove cos\u00ec raramente. <\/p>\t\t\t\t\t\t\t\t<\/div>\n\t\t\t\t<\/div>\n\t\t\t\t<div class=\"elementor-element elementor-element-89c1165 elementor-widget elementor-widget-image\" data-id=\"89c1165\" data-element_type=\"widget\" data-e-type=\"widget\" data-widget_type=\"image.default\">\n\t\t\t\t<div class=\"elementor-widget-container\">\n\t\t\t\t\t\t\t\t\t\t\t\t\t\t\t<img decoding=\"async\" width=\"27\" height=\"25\" src=\"https:\/\/schmiedhof.it\/wp-content\/uploads\/2024\/07\/scroll_down.svg\" class=\"attachment-large size-large wp-image-1180\" alt=\"\" \/>\t\t\t\t\t\t\t\t\t\t\t\t\t\t\t<\/div>\n\t\t\t\t<\/div>\n\t\t\t\t\t<\/div>\n\t\t\t\t<\/div>\n\t\t<div class=\"elementor-element elementor-element-51a18cb e-flex e-con-boxed e-con e-parent\" data-id=\"51a18cb\" data-element_type=\"container\" data-e-type=\"container\">\n\t\t\t\t\t<div class=\"e-con-inner\">\n\t\t<div class=\"elementor-element elementor-element-28f1d26 e-con-full e-flex e-con e-child\" data-id=\"28f1d26\" data-element_type=\"container\" data-e-type=\"container\">\n\t\t\t\t<div class=\"elementor-element elementor-element-5afde44 elementor-widget elementor-widget-image\" data-id=\"5afde44\" data-element_type=\"widget\" data-e-type=\"widget\" data-widget_type=\"image.default\">\n\t\t\t\t<div class=\"elementor-widget-container\">\n\t\t\t\t\t\t\t\t\t\t\t\t\t\t\t<img fetchpriority=\"high\" decoding=\"async\" width=\"800\" height=\"532\" src=\"https:\/\/schmiedhof.it\/wp-content\/uploads\/2024\/07\/aktiv_angebot_naturns-1024x681.jpg\" class=\"attachment-large size-large wp-image-1184\" alt=\"\" srcset=\"https:\/\/schmiedhof.it\/wp-content\/uploads\/2024\/07\/aktiv_angebot_naturns-1024x681.jpg 1024w, https:\/\/schmiedhof.it\/wp-content\/uploads\/2024\/07\/aktiv_angebot_naturns-300x200.jpg 300w, https:\/\/schmiedhof.it\/wp-content\/uploads\/2024\/07\/aktiv_angebot_naturns-768x511.jpg 768w, https:\/\/schmiedhof.it\/wp-content\/uploads\/2024\/07\/aktiv_angebot_naturns-1536x1022.jpg 1536w, https:\/\/schmiedhof.it\/wp-content\/uploads\/2024\/07\/aktiv_angebot_naturns.jpg 2000w\" sizes=\"(max-width: 800px) 100vw, 800px\" \/>\t\t\t\t\t\t\t\t\t\t\t\t\t\t\t<\/div>\n\t\t\t\t<\/div>\n\t\t\t\t<\/div>\n\t\t<div class=\"elementor-element elementor-element-e50e7f2 e-con-full e-flex e-con e-child\" data-id=\"e50e7f2\" data-element_type=\"container\" data-e-type=\"container\">\n\t\t\t\t<div class=\"elementor-element elementor-element-33c0171 elementor-widget elementor-widget-heading\" data-id=\"33c0171\" data-element_type=\"widget\" data-e-type=\"widget\" data-widget_type=\"heading.default\">\n\t\t\t\t<div class=\"elementor-widget-container\">\n\t\t\t\t\t<h3 class=\"elementor-heading-title elementor-size-default\">VACANZA ALLO SCHMIEDHOF<\/h3>\t\t\t\t<\/div>\n\t\t\t\t<\/div>\n\t\t\t\t<div class=\"elementor-element elementor-element-68ed757 elementor-widget elementor-widget-heading\" data-id=\"68ed757\" data-element_type=\"widget\" data-e-type=\"widget\" data-widget_type=\"heading.default\">\n\t\t\t\t<div class=\"elementor-widget-container\">\n\t\t\t\t\t<h2 class=\"elementor-heading-title elementor-size-default\">Nuoto, pesca a mosca, escursioni, ciclismo e un po' di relax nel mezzo.  \nQuesta \u00e8 una vacanza a Naturno.<\/h2>\t\t\t\t<\/div>\n\t\t\t\t<\/div>\n\t\t\t\t<div class=\"elementor-element elementor-element-272d7ef elementor-widget elementor-widget-text-editor\" data-id=\"272d7ef\" data-element_type=\"widget\" data-e-type=\"widget\" data-widget_type=\"text-editor.default\">\n\t\t\t\t<div class=\"elementor-widget-container\">\n\t\t\t\t\t\t\t\t\t<p>Qui a Naturno il sole splende per 315 giorni. In nessun altro luogo delle Alpi Orientali piove cos\u00ec raramente, nemmeno a due paesi di distanza. <\/p><p>Le molte ore di sole e le temperature mediterranee ti invitano a fare escursioni, andare in bicicletta, pescare e rilassarti. E soprattutto: con la Guest Card gratuita, riceverai sconti in oltre 100 musei, funivie, cantine, piscine all&#8217;aperto e al coperto. <\/p><p><strong>Suggerimento:<\/strong> offriamo anche un garage con serratura e possibilit\u00e0 di ricarica per la tua bicicletta.<\/p>\t\t\t\t\t\t\t\t<\/div>\n\t\t\t\t<\/div>\n\t\t\t\t<\/div>\n\t\t\t\t\t<\/div>\n\t\t\t\t<\/div>\n\t\t<div class=\"elementor-element elementor-element-eea6d4e e-flex e-con-boxed e-con e-parent\" data-id=\"eea6d4e\" data-element_type=\"container\" data-e-type=\"container\">\n\t\t\t\t\t<div class=\"e-con-inner\">\n\t\t<div class=\"elementor-element elementor-element-1855029 e-con-full e-flex e-con e-child\" data-id=\"1855029\" data-element_type=\"container\" data-e-type=\"container\">\n\t\t\t\t<div class=\"elementor-element elementor-element-265b55a elementor-widget elementor-widget-image\" data-id=\"265b55a\" data-element_type=\"widget\" data-e-type=\"widget\" data-widget_type=\"image.default\">\n\t\t\t\t<div class=\"elementor-widget-container\">\n\t\t\t\t\t\t\t\t\t\t\t\t\t\t\t<img decoding=\"async\" width=\"800\" height=\"533\" src=\"https:\/\/schmiedhof.it\/wp-content\/uploads\/2024\/07\/pool_haus-weg-1024x682.jpg\" class=\"attachment-large size-large wp-image-1178\" alt=\"\" srcset=\"https:\/\/schmiedhof.it\/wp-content\/uploads\/2024\/07\/pool_haus-weg-1024x682.jpg 1024w, https:\/\/schmiedhof.it\/wp-content\/uploads\/2024\/07\/pool_haus-weg-300x200.jpg 300w, https:\/\/schmiedhof.it\/wp-content\/uploads\/2024\/07\/pool_haus-weg-768x512.jpg 768w, https:\/\/schmiedhof.it\/wp-content\/uploads\/2024\/07\/pool_haus-weg-1536x1024.jpg 1536w, https:\/\/schmiedhof.it\/wp-content\/uploads\/2024\/07\/pool_haus-weg.jpg 2000w\" sizes=\"(max-width: 800px) 100vw, 800px\" \/>\t\t\t\t\t\t\t\t\t\t\t\t\t\t\t<\/div>\n\t\t\t\t<\/div>\n\t\t\t\t<\/div>\n\t\t<div class=\"elementor-element elementor-element-1163745 e-con-full e-flex e-con e-child\" data-id=\"1163745\" data-element_type=\"container\" data-e-type=\"container\">\n\t\t\t\t<div class=\"elementor-element elementor-element-dbe5c9d elementor-widget elementor-widget-heading\" data-id=\"dbe5c9d\" data-element_type=\"widget\" data-e-type=\"widget\" data-widget_type=\"heading.default\">\n\t\t\t\t<div class=\"elementor-widget-container\">\n\t\t\t\t\t<h3 class=\"elementor-heading-title elementor-size-default\">VACANZA ALLO SCHMIEDHOF<\/h3>\t\t\t\t<\/div>\n\t\t\t\t<\/div>\n\t\t\t\t<div class=\"elementor-element elementor-element-9ce5d2a elementor-widget elementor-widget-heading\" data-id=\"9ce5d2a\" data-element_type=\"widget\" data-e-type=\"widget\" data-widget_type=\"heading.default\">\n\t\t\t\t<div class=\"elementor-widget-container\">\n\t\t\t\t\t<h2 class=\"elementor-heading-title elementor-size-default\">Piscina e prato<\/h2>\t\t\t\t<\/div>\n\t\t\t\t<\/div>\n\t\t\t\t<div class=\"elementor-element elementor-element-bfde4ff elementor-widget elementor-widget-text-editor\" data-id=\"bfde4ff\" data-element_type=\"widget\" data-e-type=\"widget\" data-widget_type=\"text-editor.default\">\n\t\t\t\t<div class=\"elementor-widget-container\">\n\t\t\t\t\t\t\t\t\t<p>Qui allo Schmiedhof la felicit\u00e0 \u00e8 molto vicina, basta uscire dalla porta. Il nostro giardino con prato per prendere il sole \u00e8 un luogo dove rilassarsi e distendersi. Qui potrai rilassarti dopo un&#8217;escursione, goderti un accogliente barbecue e rinfrescarti nella piscina nelle calde giornate estive.  <br> <br>Come nostri ospiti, riceverai l&#8217;ingresso gratuito alla piscina avventura di Naturno, che si trova a pochi minuti a piedi dallo Schmiedhof. Qui troverai una piscina coperta con una grande vasca avventura, uno scivolo lungo 51 metri, una vasca idromassaggio, una piscina per bambini e molto altro ancora. <br> <br>L&#8217;area sauna di 500 mq dispone di sauna finlandese, biosauna, sauna a vapore e cabina a infrarossi Physiotherm.<\/p>\t\t\t\t\t\t\t\t<\/div>\n\t\t\t\t<\/div>\n\t\t\t\t<\/div>\n\t\t\t\t\t<\/div>\n\t\t\t\t<\/div>\n\t\t<div class=\"elementor-element elementor-element-07b1070 e-flex e-con-boxed e-con e-parent\" data-id=\"07b1070\" data-element_type=\"container\" data-e-type=\"container\">\n\t\t\t\t\t<div class=\"e-con-inner\">\n\t\t<div class=\"elementor-element elementor-element-b282f3c e-con-full e-flex e-con e-child\" data-id=\"b282f3c\" data-element_type=\"container\" data-e-type=\"container\">\n\t\t\t\t<div class=\"elementor-element elementor-element-e72bcea elementor-widget elementor-widget-image\" data-id=\"e72bcea\" data-element_type=\"widget\" data-e-type=\"widget\" data-widget_type=\"image.default\">\n\t\t\t\t<div class=\"elementor-widget-container\">\n\t\t\t\t\t\t\t\t\t\t\t\t\t\t\t<img loading=\"lazy\" decoding=\"async\" width=\"800\" height=\"534\" src=\"https:\/\/schmiedhof.it\/wp-content\/uploads\/2024\/07\/hannes_fischen_nah-1024x684.jpg\" class=\"attachment-large size-large wp-image-1100\" alt=\"\" srcset=\"https:\/\/schmiedhof.it\/wp-content\/uploads\/2024\/07\/hannes_fischen_nah-1024x684.jpg 1024w, https:\/\/schmiedhof.it\/wp-content\/uploads\/2024\/07\/hannes_fischen_nah-300x200.jpg 300w, https:\/\/schmiedhof.it\/wp-content\/uploads\/2024\/07\/hannes_fischen_nah-768x513.jpg 768w, https:\/\/schmiedhof.it\/wp-content\/uploads\/2024\/07\/hannes_fischen_nah-1536x1025.jpg 1536w, https:\/\/schmiedhof.it\/wp-content\/uploads\/2024\/07\/hannes_fischen_nah.jpg 2000w\" sizes=\"(max-width: 800px) 100vw, 800px\" \/>\t\t\t\t\t\t\t\t\t\t\t\t\t\t\t<\/div>\n\t\t\t\t<\/div>\n\t\t<div class=\"elementor-element elementor-element-2823a18 e-con-full elementor-hidden-tablet elementor-hidden-mobile e-flex e-con e-child\" data-id=\"2823a18\" data-element_type=\"container\" data-e-type=\"container\">\n\t\t<div class=\"elementor-element elementor-element-cf90349 e-con-full e-flex e-con e-child\" data-id=\"cf90349\" data-element_type=\"container\" data-e-type=\"container\">\n\t\t\t\t<div class=\"elementor-element elementor-element-ad443e3 elementor-widget elementor-widget-image\" data-id=\"ad443e3\" data-element_type=\"widget\" data-e-type=\"widget\" data-widget_type=\"image.default\">\n\t\t\t\t<div class=\"elementor-widget-container\">\n\t\t\t\t\t\t\t\t\t\t\t\t\t\t\t\t<a href=\"https:\/\/www.fischereiverein-meran.it\/\" target=\"_blank\" rel=\"noopener\">\n\t\t\t\t\t\t\t<img loading=\"lazy\" decoding=\"async\" width=\"291\" height=\"122\" src=\"https:\/\/schmiedhof.it\/wp-content\/uploads\/2024\/07\/logo_flyfishing-meran.svg\" class=\"attachment-large size-large wp-image-1194\" alt=\"\" \/>\t\t\t\t\t\t\t\t<\/a>\n\t\t\t\t\t\t\t\t\t\t\t\t\t\t\t<\/div>\n\t\t\t\t<\/div>\n\t\t\t\t<\/div>\n\t\t<div class=\"elementor-element elementor-element-1316c2d e-con-full e-flex e-con e-child\" data-id=\"1316c2d\" data-element_type=\"container\" data-e-type=\"container\">\n\t\t\t\t<div class=\"elementor-element elementor-element-4e22486 elementor-widget elementor-widget-image\" data-id=\"4e22486\" data-element_type=\"widget\" data-e-type=\"widget\" data-widget_type=\"image.default\">\n\t\t\t\t<div class=\"elementor-widget-container\">\n\t\t\t\t\t\t\t\t\t\t\t\t\t\t\t\t<a href=\"https:\/\/www.fliegenfischerschule.it\/\" target=\"_blank\" rel=\"noopener\">\n\t\t\t\t\t\t\t<img loading=\"lazy\" decoding=\"async\" width=\"625\" height=\"299\" src=\"https:\/\/schmiedhof.it\/wp-content\/uploads\/2024\/07\/logo_arnold-gufler.png\" class=\"attachment-large size-large wp-image-1196\" alt=\"\" srcset=\"https:\/\/schmiedhof.it\/wp-content\/uploads\/2024\/07\/logo_arnold-gufler.png 625w, https:\/\/schmiedhof.it\/wp-content\/uploads\/2024\/07\/logo_arnold-gufler-300x144.png 300w\" sizes=\"(max-width: 625px) 100vw, 625px\" \/>\t\t\t\t\t\t\t\t<\/a>\n\t\t\t\t\t\t\t\t\t\t\t\t\t\t\t<\/div>\n\t\t\t\t<\/div>\n\t\t\t\t<\/div>\n\t\t\t\t<\/div>\n\t\t\t\t<\/div>\n\t\t<div class=\"elementor-element elementor-element-067d66a e-con-full e-flex e-con e-child\" data-id=\"067d66a\" data-element_type=\"container\" data-e-type=\"container\">\n\t\t<div class=\"elementor-element elementor-element-99695ce e-con-full e-flex e-con e-child\" data-id=\"99695ce\" data-element_type=\"container\" data-e-type=\"container\">\n\t\t\t\t<div class=\"elementor-element elementor-element-0ff74fd elementor-widget elementor-widget-heading\" data-id=\"0ff74fd\" data-element_type=\"widget\" data-e-type=\"widget\" data-widget_type=\"heading.default\">\n\t\t\t\t<div class=\"elementor-widget-container\">\n\t\t\t\t\t<h3 class=\"elementor-heading-title elementor-size-default\">ESPERIENZA<\/h3>\t\t\t\t<\/div>\n\t\t\t\t<\/div>\n\t\t\t\t<div class=\"elementor-element elementor-element-83764d1 elementor-widget elementor-widget-heading\" data-id=\"83764d1\" data-element_type=\"widget\" data-e-type=\"widget\" data-widget_type=\"heading.default\">\n\t\t\t\t<div class=\"elementor-widget-container\">\n\t\t\t\t\t<h2 class=\"elementor-heading-title elementor-size-default\">Pesca a mosca<br><\/h2>\t\t\t\t<\/div>\n\t\t\t\t<\/div>\n\t\t\t\t<div class=\"elementor-element elementor-element-ffd1d0e elementor-widget elementor-widget-text-editor\" data-id=\"ffd1d0e\" data-element_type=\"widget\" data-e-type=\"widget\" data-widget_type=\"text-editor.default\">\n\t\t\t\t<div class=\"elementor-widget-container\">\n\t\t\t\t\t\t\t\t\t<p>La pesca da sola \u00e8 un&#8217;esperienza fantastica, ma se al mix si aggiunge il maestoso scenario montano dell&#8217;Alto Adige, diventa semplicemente indimenticabile. I laghi, i torrenti e i fiumi di questa zona ospitano grandi trote marmorate, trote fario e trote iridee, oltre a grandi temoli e salmerini. Questo ampio spettro permette una pesca a mosca versatile con mosche secche, mosche bagnate, ninfe o streamer.  <br> <br>Il nostro capo \u00e8 un appassionato pescatore a mosca e sar\u00e0 felice di aiutarti e consigliarti. Puoi acquistare direttamente da noi i biglietti giornalieri per i percorsi di Flyfishing Merano, compresi quelli per il fiume Adige e i numerosi torrenti laterali, il lago artificiale di Senales e un tratto del fiume Passirio. <br> <br>Su richiesta \u00e8 possibile prenotare corsi privati di casting con la guida Arnold Gufler (istruttore di flycasting\/guida di pesca a mosca EFFA). Buona fortuna! <\/p>\t\t\t\t\t\t\t\t<\/div>\n\t\t\t\t<\/div>\n\t\t\t\t<\/div>\n\t\t<div class=\"elementor-element elementor-element-d99011d e-con-full elementor-hidden-desktop elementor-hidden-laptop elementor-hidden-tablet_extra e-flex e-con e-child\" data-id=\"d99011d\" data-element_type=\"container\" data-e-type=\"container\">\n\t\t<div class=\"elementor-element elementor-element-b6d4d08 e-con-full e-flex e-con e-child\" data-id=\"b6d4d08\" data-element_type=\"container\" data-e-type=\"container\">\n\t\t\t\t<div class=\"elementor-element elementor-element-9360fdf elementor-widget elementor-widget-image\" data-id=\"9360fdf\" data-element_type=\"widget\" data-e-type=\"widget\" data-widget_type=\"image.default\">\n\t\t\t\t<div class=\"elementor-widget-container\">\n\t\t\t\t\t\t\t\t\t\t\t\t\t\t\t\t<a href=\"https:\/\/www.fischereiverein-meran.it\/\" target=\"_blank\" rel=\"noopener\">\n\t\t\t\t\t\t\t<img loading=\"lazy\" decoding=\"async\" width=\"291\" height=\"122\" src=\"https:\/\/schmiedhof.it\/wp-content\/uploads\/2024\/07\/logo_flyfishing-meran.svg\" class=\"attachment-large size-large wp-image-1194\" alt=\"\" \/>\t\t\t\t\t\t\t\t<\/a>\n\t\t\t\t\t\t\t\t\t\t\t\t\t\t\t<\/div>\n\t\t\t\t<\/div>\n\t\t\t\t<\/div>\n\t\t<div class=\"elementor-element elementor-element-30b1822 e-con-full e-flex e-con e-child\" data-id=\"30b1822\" data-element_type=\"container\" data-e-type=\"container\">\n\t\t\t\t<div class=\"elementor-element elementor-element-0663e54 elementor-widget elementor-widget-image\" data-id=\"0663e54\" data-element_type=\"widget\" data-e-type=\"widget\" data-widget_type=\"image.default\">\n\t\t\t\t<div class=\"elementor-widget-container\">\n\t\t\t\t\t\t\t\t\t\t\t\t\t\t\t\t<a href=\"https:\/\/www.fliegenfischerschule.it\/\" target=\"_blank\" rel=\"noopener\">\n\t\t\t\t\t\t\t<img loading=\"lazy\" decoding=\"async\" width=\"625\" height=\"299\" src=\"https:\/\/schmiedhof.it\/wp-content\/uploads\/2024\/07\/logo_arnold-gufler.png\" class=\"attachment-large size-large wp-image-1196\" alt=\"\" srcset=\"https:\/\/schmiedhof.it\/wp-content\/uploads\/2024\/07\/logo_arnold-gufler.png 625w, https:\/\/schmiedhof.it\/wp-content\/uploads\/2024\/07\/logo_arnold-gufler-300x144.png 300w\" sizes=\"(max-width: 625px) 100vw, 625px\" \/>\t\t\t\t\t\t\t\t<\/a>\n\t\t\t\t\t\t\t\t\t\t\t\t\t\t\t<\/div>\n\t\t\t\t<\/div>\n\t\t\t\t<\/div>\n\t\t\t\t<\/div>\n\t\t\t\t<\/div>\n\t\t\t\t\t<\/div>\n\t\t\t\t<\/div>\n\t\t<div class=\"elementor-element elementor-element-85e428b e-flex e-con-boxed e-con e-parent\" data-id=\"85e428b\" data-element_type=\"container\" data-e-type=\"container\">\n\t\t\t\t\t<div class=\"e-con-inner\">\n\t\t<div class=\"elementor-element elementor-element-ef8e109 e-con-full e-flex e-con e-child\" data-id=\"ef8e109\" data-element_type=\"container\" data-e-type=\"container\">\n\t\t\t\t<div class=\"elementor-element elementor-element-9e9779e elementor-widget elementor-widget-image\" data-id=\"9e9779e\" data-element_type=\"widget\" data-e-type=\"widget\" data-widget_type=\"image.default\">\n\t\t\t\t<div class=\"elementor-widget-container\">\n\t\t\t\t\t\t\t\t\t\t\t\t\t\t\t<img loading=\"lazy\" decoding=\"async\" width=\"800\" height=\"532\" src=\"https:\/\/schmiedhof.it\/wp-content\/uploads\/2024\/07\/aktiv_wandern_feld-1024x681.jpg\" class=\"attachment-large size-large wp-image-1192\" alt=\"\" srcset=\"https:\/\/schmiedhof.it\/wp-content\/uploads\/2024\/07\/aktiv_wandern_feld-1024x681.jpg 1024w, https:\/\/schmiedhof.it\/wp-content\/uploads\/2024\/07\/aktiv_wandern_feld-300x200.jpg 300w, https:\/\/schmiedhof.it\/wp-content\/uploads\/2024\/07\/aktiv_wandern_feld-768x511.jpg 768w, https:\/\/schmiedhof.it\/wp-content\/uploads\/2024\/07\/aktiv_wandern_feld-1536x1022.jpg 1536w, https:\/\/schmiedhof.it\/wp-content\/uploads\/2024\/07\/aktiv_wandern_feld.jpg 2000w\" sizes=\"(max-width: 800px) 100vw, 800px\" \/>\t\t\t\t\t\t\t\t\t\t\t\t\t\t\t<\/div>\n\t\t\t\t<\/div>\n\t\t\t\t<\/div>\n\t\t<div class=\"elementor-element elementor-element-867c1fe e-con-full e-flex e-con e-child\" data-id=\"867c1fe\" data-element_type=\"container\" data-e-type=\"container\">\n\t\t\t\t<div class=\"elementor-element elementor-element-d252079 elementor-widget elementor-widget-heading\" data-id=\"d252079\" data-element_type=\"widget\" data-e-type=\"widget\" data-widget_type=\"heading.default\">\n\t\t\t\t<div class=\"elementor-widget-container\">\n\t\t\t\t\t<h3 class=\"elementor-heading-title elementor-size-default\">ESCURSIONE<\/h3>\t\t\t\t<\/div>\n\t\t\t\t<\/div>\n\t\t\t\t<div class=\"elementor-element elementor-element-9a66e5d elementor-widget elementor-widget-heading\" data-id=\"9a66e5d\" data-element_type=\"widget\" data-e-type=\"widget\" data-widget_type=\"heading.default\">\n\t\t\t\t<div class=\"elementor-widget-container\">\n\t\t\t\t\t<h2 class=\"elementor-heading-title elementor-size-default\">Via in montagna<br><\/h2>\t\t\t\t<\/div>\n\t\t\t\t<\/div>\n\t\t\t\t<div class=\"elementor-element elementor-element-3e29917 elementor-widget elementor-widget-text-editor\" data-id=\"3e29917\" data-element_type=\"widget\" data-e-type=\"widget\" data-widget_type=\"text-editor.default\">\n\t\t\t\t<div class=\"elementor-widget-container\">\n\t\t\t\t\t\t\t\t\t<p>Naturno \u00e8 un vero e proprio parco giochi per gli appassionati di escursioni e alpinismo. Durante la tua vacanza, potrai partire per le tue escursioni direttamente dallo Schmiedhof. <br> <br>Nella valle ci sono piacevoli sentieri escursionistici che attraversano i frutteti e se vuoi salire pi\u00f9 in alto, la funivia Unterstell (a soli 5 minuti a piedi dalla casa) ti porta al Parco Naturale del Gruppo di Tessa in pochi minuti. Lass\u00f9 ci sono innumerevoli percorsi escursionistici, tra cui la famosa Alta Via di Merano. <br> <br>L&#8217;Associazione turistica Naturno organizza regolarmente escursioni guidate in montagna ed escursioni botaniche nel Parco naturale Gruppo di Tessa.<\/p>\t\t\t\t\t\t\t\t<\/div>\n\t\t\t\t<\/div>\n\t\t\t\t<\/div>\n\t\t\t\t\t<\/div>\n\t\t\t\t<\/div>\n\t\t<div class=\"elementor-element elementor-element-a56b5bc e-flex e-con-boxed e-con e-parent\" data-id=\"a56b5bc\" data-element_type=\"container\" data-e-type=\"container\">\n\t\t\t\t\t<div class=\"e-con-inner\">\n\t\t<div class=\"elementor-element elementor-element-382c9cc e-con-full e-flex e-con e-child\" data-id=\"382c9cc\" data-element_type=\"container\" data-e-type=\"container\">\n\t\t\t\t<div class=\"elementor-element elementor-element-faccecc elementor-widget elementor-widget-image\" data-id=\"faccecc\" data-element_type=\"widget\" data-e-type=\"widget\" data-widget_type=\"image.default\">\n\t\t\t\t<div class=\"elementor-widget-container\">\n\t\t\t\t\t\t\t\t\t\t\t\t\t\t\t<img loading=\"lazy\" decoding=\"async\" width=\"800\" height=\"532\" src=\"https:\/\/schmiedhof.it\/wp-content\/uploads\/2024\/07\/aktiv_radfahren_naturns-1024x681.jpg\" class=\"attachment-large size-large wp-image-1186\" alt=\"\" srcset=\"https:\/\/schmiedhof.it\/wp-content\/uploads\/2024\/07\/aktiv_radfahren_naturns-1024x681.jpg 1024w, https:\/\/schmiedhof.it\/wp-content\/uploads\/2024\/07\/aktiv_radfahren_naturns-300x200.jpg 300w, https:\/\/schmiedhof.it\/wp-content\/uploads\/2024\/07\/aktiv_radfahren_naturns-768x511.jpg 768w, https:\/\/schmiedhof.it\/wp-content\/uploads\/2024\/07\/aktiv_radfahren_naturns-1536x1022.jpg 1536w, https:\/\/schmiedhof.it\/wp-content\/uploads\/2024\/07\/aktiv_radfahren_naturns.jpg 2000w\" sizes=\"(max-width: 800px) 100vw, 800px\" \/>\t\t\t\t\t\t\t\t\t\t\t\t\t\t\t<\/div>\n\t\t\t\t<\/div>\n\t\t\t\t<\/div>\n\t\t<div class=\"elementor-element elementor-element-6bf7515 e-con-full e-flex e-con e-child\" data-id=\"6bf7515\" data-element_type=\"container\" data-e-type=\"container\">\n\t\t\t\t<div class=\"elementor-element elementor-element-f0f1fcc elementor-widget elementor-widget-heading\" data-id=\"f0f1fcc\" data-element_type=\"widget\" data-e-type=\"widget\" data-widget_type=\"heading.default\">\n\t\t\t\t<div class=\"elementor-widget-container\">\n\t\t\t\t\t<h3 class=\"elementor-heading-title elementor-size-default\">ANDARE IN BICICLETTA<\/h3>\t\t\t\t<\/div>\n\t\t\t\t<\/div>\n\t\t\t\t<div class=\"elementor-element elementor-element-7ac55dc elementor-widget elementor-widget-heading\" data-id=\"7ac55dc\" data-element_type=\"widget\" data-e-type=\"widget\" data-widget_type=\"heading.default\">\n\t\t\t\t<div class=\"elementor-widget-container\">\n\t\t\t\t\t<h2 class=\"elementor-heading-title elementor-size-default\">Sali in sella<\/h2>\t\t\t\t<\/div>\n\t\t\t\t<\/div>\n\t\t\t\t<div class=\"elementor-element elementor-element-d40e7ab elementor-widget elementor-widget-text-editor\" data-id=\"d40e7ab\" data-element_type=\"widget\" data-e-type=\"widget\" data-widget_type=\"text-editor.default\">\n\t\t\t\t<div class=\"elementor-widget-container\">\n\t\t\t\t\t\t\t\t\t<p>Naturno \u00e8 considerata dagli appassionati di mountain bike e dai ciclisti una delle regioni ciclistiche pi\u00f9 belle dell&#8217;Alto Adige e crediamo che questo sia vero. Forse sono le tante ore di sole, forse il paesaggio vario o forse entrambe le cose. <br> <br>I tranquilli tour in bicicletta attraverso i meleti e lungo il fiume Adige attraversano l&#8217;intera Val Venosta. Malghe e strade forestali o single trails veloci attendono chi preferisce percorsi pi\u00f9 impegnativi. <br> <br>Saremo lieti di darti consigli per i tuoi tour preferiti in bicicletta, e-bike o mountain bike. Se lo desideri, puoi anche partecipare ai tour guidati in mountain bike organizzati dall&#8217;Associazione Turistica di Naturno. <\/p>\t\t\t\t\t\t\t\t<\/div>\n\t\t\t\t<\/div>\n\t\t\t\t<\/div>\n\t\t\t\t\t<\/div>\n\t\t\t\t<\/div>\n\t\t\t\t<\/div>\n\t\t","protected":false},"excerpt":{"rendered":"<p>VACANZE ATTIVE Qui a Naturno il sole splende per 315 giorni. In nessun altro luogo delle Alpi Orientali piove cos\u00ec raramente. VACANZA ALLO SCHMIEDHOF Nuoto, pesca a mosca, escursioni, ciclismo e un po&#8217; di relax nel mezzo. Questa \u00e8 una vacanza a Naturno. Qui a Naturno il sole splende per 315 giorni. In nessun altro [&hellip;]<\/p>\n","protected":false},"author":1,"featured_media":0,"parent":0,"menu_order":0,"comment_status":"closed","ping_status":"closed","template":"","meta":{"footnotes":""},"class_list":["post-1307","page","type-page","status-publish","hentry"],"_links":{"self":[{"href":"https:\/\/schmiedhof.it\/it\/wp-json\/wp\/v2\/pages\/1307","targetHints":{"allow":["GET"]}}],"collection":[{"href":"https:\/\/schmiedhof.it\/it\/wp-json\/wp\/v2\/pages"}],"about":[{"href":"https:\/\/schmiedhof.it\/it\/wp-json\/wp\/v2\/types\/page"}],"author":[{"embeddable":true,"href":"https:\/\/schmiedhof.it\/it\/wp-json\/wp\/v2\/users\/1"}],"replies":[{"embeddable":true,"href":"https:\/\/schmiedhof.it\/it\/wp-json\/wp\/v2\/comments?post=1307"}],"version-history":[{"count":2,"href":"https:\/\/schmiedhof.it\/it\/wp-json\/wp\/v2\/pages\/1307\/revisions"}],"predecessor-version":[{"id":2163,"href":"https:\/\/schmiedhof.it\/it\/wp-json\/wp\/v2\/pages\/1307\/revisions\/2163"}],"wp:attachment":[{"href":"https:\/\/schmiedhof.it\/it\/wp-json\/wp\/v2\/media?parent=1307"}],"curies":[{"name":"wp","href":"https:\/\/api.w.org\/{rel}","templated":true}]}}