{"id":1258,"date":"2024-07-20T18:54:39","date_gmt":"2024-07-20T16:54:39","guid":{"rendered":"https:\/\/schmiedhof.it\/chi-siamo\/"},"modified":"2026-03-27T12:10:50","modified_gmt":"2026-03-27T10:10:50","slug":"ueber-uns","status":"publish","type":"page","link":"https:\/\/schmiedhof.it\/it\/ueber-uns\/","title":{"rendered":"Chi siamo"},"content":{"rendered":"\t\t<div data-elementor-type=\"wp-page\" data-elementor-id=\"1258\" class=\"elementor elementor-1258 elementor-209\">\n\t\t\t\t<div class=\"elementor-element elementor-element-9335996 atf e-flex e-con-boxed e-con e-parent\" data-id=\"9335996\" data-element_type=\"container\" data-e-type=\"container\" data-settings=\"{&quot;background_background&quot;:&quot;classic&quot;}\">\n\t\t\t\t\t<div class=\"e-con-inner\">\n\t\t\t\t<div class=\"elementor-element elementor-element-3e68f6c elementor-widget elementor-widget-heading\" data-id=\"3e68f6c\" data-element_type=\"widget\" data-e-type=\"widget\" data-widget_type=\"heading.default\">\n\t\t\t\t<div class=\"elementor-widget-container\">\n\t\t\t\t\t<h2 class=\"elementor-heading-title elementor-size-default\">Ciao e benvenuto!<\/h2>\t\t\t\t<\/div>\n\t\t\t\t<\/div>\n\t\t\t\t<div class=\"elementor-element elementor-element-6db5fdc elementor-widget elementor-widget-text-editor\" data-id=\"6db5fdc\" data-element_type=\"widget\" data-e-type=\"widget\" data-widget_type=\"text-editor.default\">\n\t\t\t\t<div class=\"elementor-widget-container\">\n\t\t\t\t\t\t\t\t\t<p>Noi dello Schmiedhof non vediamo l&#8217;ora di darti il benvenuto nella terza generazione.<\/p>\t\t\t\t\t\t\t\t<\/div>\n\t\t\t\t<\/div>\n\t\t\t\t<div class=\"elementor-element elementor-element-48c20bb elementor-widget elementor-widget-image\" data-id=\"48c20bb\" data-element_type=\"widget\" data-e-type=\"widget\" data-widget_type=\"image.default\">\n\t\t\t\t<div class=\"elementor-widget-container\">\n\t\t\t\t\t\t\t\t\t\t\t\t\t\t\t<img decoding=\"async\" width=\"27\" height=\"25\" src=\"https:\/\/schmiedhof.it\/wp-content\/uploads\/2024\/07\/scroll_down.svg\" class=\"attachment-large size-large wp-image-1180\" alt=\"\" \/>\t\t\t\t\t\t\t\t\t\t\t\t\t\t\t<\/div>\n\t\t\t\t<\/div>\n\t\t\t\t\t<\/div>\n\t\t\t\t<\/div>\n\t\t<div class=\"elementor-element elementor-element-06d42d7 e-flex e-con-boxed e-con e-parent\" data-id=\"06d42d7\" data-element_type=\"container\" data-e-type=\"container\">\n\t\t\t\t\t<div class=\"e-con-inner\">\n\t\t<div class=\"elementor-element elementor-element-4fc0f4f e-con-full e-flex e-con e-child\" data-id=\"4fc0f4f\" data-element_type=\"container\" data-e-type=\"container\">\n\t\t\t\t<div class=\"elementor-element elementor-element-4c90a66 elementor-widget elementor-widget-image\" data-id=\"4c90a66\" data-element_type=\"widget\" data-e-type=\"widget\" data-widget_type=\"image.default\">\n\t\t\t\t<div class=\"elementor-widget-container\">\n\t\t\t\t\t\t\t\t\t\t\t\t\t\t\t<img fetchpriority=\"high\" decoding=\"async\" width=\"800\" height=\"522\" src=\"https:\/\/schmiedhof.it\/wp-content\/uploads\/2024\/07\/Schmiedhof_Drohne-4-1024x668.jpg\" class=\"attachment-large size-large wp-image-1082\" alt=\"\" srcset=\"https:\/\/schmiedhof.it\/wp-content\/uploads\/2024\/07\/Schmiedhof_Drohne-4-1024x668.jpg 1024w, https:\/\/schmiedhof.it\/wp-content\/uploads\/2024\/07\/Schmiedhof_Drohne-4-300x196.jpg 300w, https:\/\/schmiedhof.it\/wp-content\/uploads\/2024\/07\/Schmiedhof_Drohne-4-768x501.jpg 768w, https:\/\/schmiedhof.it\/wp-content\/uploads\/2024\/07\/Schmiedhof_Drohne-4-1536x1001.jpg 1536w, https:\/\/schmiedhof.it\/wp-content\/uploads\/2024\/07\/Schmiedhof_Drohne-4.jpg 2000w\" sizes=\"(max-width: 800px) 100vw, 800px\" \/>\t\t\t\t\t\t\t\t\t\t\t\t\t\t\t<\/div>\n\t\t\t\t<\/div>\n\t\t\t\t<\/div>\n\t\t<div class=\"elementor-element elementor-element-4c54860 e-con-full e-flex e-con e-child\" data-id=\"4c54860\" data-element_type=\"container\" data-e-type=\"container\">\n\t\t\t\t<div class=\"elementor-element elementor-element-b755094 elementor-widget elementor-widget-heading\" data-id=\"b755094\" data-element_type=\"widget\" data-e-type=\"widget\" data-widget_type=\"heading.default\">\n\t\t\t\t<div class=\"elementor-widget-container\">\n\t\t\t\t\t<h3 class=\"elementor-heading-title elementor-size-default\">SCHMIEDHOF<\/h3>\t\t\t\t<\/div>\n\t\t\t\t<\/div>\n\t\t\t\t<div class=\"elementor-element elementor-element-09c807a elementor-widget elementor-widget-heading\" data-id=\"09c807a\" data-element_type=\"widget\" data-e-type=\"widget\" data-widget_type=\"heading.default\">\n\t\t\t\t<div class=\"elementor-widget-container\">\n\t\t\t\t\t<h2 class=\"elementor-heading-title elementor-size-default\">La nostra storia<\/h2>\t\t\t\t<\/div>\n\t\t\t\t<\/div>\n\t\t\t\t<div class=\"elementor-element elementor-element-1cb41b7 elementor-widget elementor-widget-text-editor\" data-id=\"1cb41b7\" data-element_type=\"widget\" data-e-type=\"widget\" data-widget_type=\"text-editor.default\">\n\t\t\t\t<div class=\"elementor-widget-container\">\n\t\t\t\t\t\t\t\t\t<p>Affittiamo camere e appartamenti per le vacanze dal 1958. A quei tempi, nostra nonna ospitava ancora ospiti vicini e lontani nella vecchia casa colonica. Alcuni di loro trascorrono ancora oggi le loro vacanze con noi.  <br> <br>Nel 1972 e nel 1973 abbiamo completato la nostra attuale cascina. Da allora, gli ospiti della nostra azienda familiare alloggiano nelle nuove camere e negli appartamenti per le vacanze. Nel 2021, la terza generazione ha rilevato la fattoria e si pu\u00f2 ancora sentire la familiare e amichevole ospitalit\u00e0 di un tempo.  <br> <br>Affinch\u00e9 tu possa goderti il periodo pi\u00f9 bello dell&#8217;anno e sentirti completamente a tuo agio con noi, effettuiamo costantemente lavori di ristrutturazione e rinnovamento. E naturalmente continuiamo a gestire il nostro Schmiedhof con tanto amore, dedizione e impegno. <\/p>\t\t\t\t\t\t\t\t<\/div>\n\t\t\t\t<\/div>\n\t\t\t\t<\/div>\n\t\t\t\t\t<\/div>\n\t\t\t\t<\/div>\n\t\t\t\t<\/div>\n\t\t","protected":false},"excerpt":{"rendered":"<p>Ciao e benvenuto! Noi dello Schmiedhof non vediamo l&#8217;ora di darti il benvenuto nella terza generazione. SCHMIEDHOF La nostra storia Affittiamo camere e appartamenti per le vacanze dal 1958. A quei tempi, nostra nonna ospitava ancora ospiti vicini e lontani nella vecchia casa colonica. Alcuni di loro trascorrono ancora oggi le loro vacanze con noi. [&hellip;]<\/p>\n","protected":false},"author":1,"featured_media":0,"parent":0,"menu_order":0,"comment_status":"closed","ping_status":"closed","template":"","meta":{"footnotes":""},"class_list":["post-1258","page","type-page","status-publish","hentry"],"_links":{"self":[{"href":"https:\/\/schmiedhof.it\/it\/wp-json\/wp\/v2\/pages\/1258","targetHints":{"allow":["GET"]}}],"collection":[{"href":"https:\/\/schmiedhof.it\/it\/wp-json\/wp\/v2\/pages"}],"about":[{"href":"https:\/\/schmiedhof.it\/it\/wp-json\/wp\/v2\/types\/page"}],"author":[{"embeddable":true,"href":"https:\/\/schmiedhof.it\/it\/wp-json\/wp\/v2\/users\/1"}],"replies":[{"embeddable":true,"href":"https:\/\/schmiedhof.it\/it\/wp-json\/wp\/v2\/comments?post=1258"}],"version-history":[{"count":6,"href":"https:\/\/schmiedhof.it\/it\/wp-json\/wp\/v2\/pages\/1258\/revisions"}],"predecessor-version":[{"id":2143,"href":"https:\/\/schmiedhof.it\/it\/wp-json\/wp\/v2\/pages\/1258\/revisions\/2143"}],"wp:attachment":[{"href":"https:\/\/schmiedhof.it\/it\/wp-json\/wp\/v2\/media?parent=1258"}],"curies":[{"name":"wp","href":"https:\/\/api.w.org\/{rel}","templated":true}]}}